{"id":5811,"date":"2024-08-27T21:36:03","date_gmt":"2024-08-27T19:36:03","guid":{"rendered":"https:\/\/cortechinoemb.es\/producto\/subrayador-color-fluorescente-6-uds\/"},"modified":"2024-08-28T12:59:07","modified_gmt":"2024-08-28T10:59:07","slug":"subrayador-color-fluorescente-6-uds","status":"publish","type":"product","link":"https:\/\/cortechinoemb.es\/en\/product\/subrayador-color-fluorescente-6-uds\/","title":{"rendered":"Subrayador color fluorescente 6 Uds."},"content":{"rendered":"","protected":false},"excerpt":{"rendered":"<ul>\n<li><strong>Pack de 6 Unidades:<\/strong> Incluye seis subrayadores en colores fluorescentes: azul | rosa | morado | verde | naranja y amarillo. Ideales para destacar y resaltar informaci\u00f3n.<\/li>\n<li><strong>Altura:<\/strong> Cada subrayador tiene una altura de 13 cm proporcionando un manejo c\u00f3modo y pr\u00e1ctico.<\/li>\n<li><strong>Punta Vers\u00e1til:<\/strong> Equipado con una punta de entre 1 y 3 mm ideal para l\u00edneas finas o gruesas seg\u00fan tu necesidad de subrayado.<\/li>\n<li><strong>Aplicaci\u00f3n Suave:<\/strong> Su f\u00f3rmula permite una aplicaci\u00f3n uniforme y suave sobre el papel minimizando el riesgo de manchas y borrones.<\/li>\n<li><strong>Colores Brillantes:<\/strong> Colores vibrantes que facilitan la identificaci\u00f3n r\u00e1pida de informaci\u00f3n importante y aseguran una alta visibilidad.<\/li>\n<li><strong>Marca MP:<\/strong> Conocida por su calidad en productos de papeler\u00eda | garantizando una experiencia de subrayado eficaz y confiable.<\/li>\n<\/ul>","protected":false},"featured_media":5145,"template":"","meta":{"site-sidebar-layout":"default","site-content-layout":"","ast-site-content-layout":"default","site-content-style":"default","site-sidebar-style":"default","ast-global-header-display":"","ast-banner-title-visibility":"","ast-main-header-display":"","ast-hfb-above-header-display":"","ast-hfb-below-header-display":"","ast-hfb-mobile-header-display":"","site-post-title":"","ast-breadcrumbs-content":"","ast-featured-img":"","footer-sml-layout":"","theme-transparent-header-meta":"default","adv-header-id-meta":"","stick-header-meta":"","header-above-stick-meta":"","header-main-stick-meta":"","header-below-stick-meta":"","astra-migrate-meta-layouts":"set","ast-page-background-enabled":"default","ast-page-background-meta":{"desktop":{"background-color":"","background-image":"","background-repeat":"repeat","background-position":"center center","background-size":"auto","background-attachment":"scroll","background-type":"","background-media":"","overlay-type":"","overlay-color":"","overlay-opacity":"","overlay-gradient":""},"tablet":{"background-color":"","background-image":"","background-repeat":"repeat","background-position":"center center","background-size":"auto","background-attachment":"scroll","background-type":"","background-media":"","overlay-type":"","overlay-color":"","overlay-opacity":"","overlay-gradient":""},"mobile":{"background-color":"","background-image":"","background-repeat":"repeat","background-position":"center center","background-size":"auto","background-attachment":"scroll","background-type":"","background-media":"","overlay-type":"","overlay-color":"","overlay-opacity":"","overlay-gradient":""}},"ast-content-background-meta":{"desktop":{"background-color":"var(--ast-global-color-5)","background-image":"","background-repeat":"repeat","background-position":"center center","background-size":"auto","background-attachment":"scroll","background-type":"","background-media":"","overlay-type":"","overlay-color":"","overlay-opacity":"","overlay-gradient":""},"tablet":{"background-color":"var(--ast-global-color-5)","background-image":"","background-repeat":"repeat","background-position":"center center","background-size":"auto","background-attachment":"scroll","background-type":"","background-media":"","overlay-type":"","overlay-color":"","overlay-opacity":"","overlay-gradient":""},"mobile":{"background-color":"var(--ast-global-color-5)","background-image":"","background-repeat":"repeat","background-position":"center center","background-size":"auto","background-attachment":"scroll","background-type":"","background-media":"","overlay-type":"","overlay-color":"","overlay-opacity":"","overlay-gradient":""}}},"product_brand":[],"product_cat":[704],"product_tag":[654,705],"class_list":{"0":"post-5811","1":"product","2":"type-product","3":"status-publish","4":"has-post-thumbnail","6":"product_cat-subrayadores","7":"product_tag-mp","8":"product_tag-fluorescente","9":"desktop-align-left","10":"tablet-align-left","11":"mobile-align-left","13":"first","14":"instock","15":"taxable","16":"shipping-taxable","17":"purchasable","18":"product-type-simple"},"jetpack_sharing_enabled":true,"_links":{"self":[{"href":"https:\/\/cortechinoemb.es\/en\/wp-json\/wp\/v2\/product\/5811"}],"collection":[{"href":"https:\/\/cortechinoemb.es\/en\/wp-json\/wp\/v2\/product"}],"about":[{"href":"https:\/\/cortechinoemb.es\/en\/wp-json\/wp\/v2\/types\/product"}],"wp:featuredmedia":[{"embeddable":true,"href":"https:\/\/cortechinoemb.es\/en\/wp-json\/wp\/v2\/media\/5145"}],"wp:attachment":[{"href":"https:\/\/cortechinoemb.es\/en\/wp-json\/wp\/v2\/media?parent=5811"}],"wp:term":[{"taxonomy":"product_brand","embeddable":true,"href":"https:\/\/cortechinoemb.es\/en\/wp-json\/wp\/v2\/product_brand?post=5811"},{"taxonomy":"product_cat","embeddable":true,"href":"https:\/\/cortechinoemb.es\/en\/wp-json\/wp\/v2\/product_cat?post=5811"},{"taxonomy":"product_tag","embeddable":true,"href":"https:\/\/cortechinoemb.es\/en\/wp-json\/wp\/v2\/product_tag?post=5811"}],"curies":[{"name":"wp","href":"https:\/\/api.w.org\/{rel}","templated":true}]}}