{"id":5774,"date":"2024-08-27T21:35:52","date_gmt":"2024-08-27T19:35:52","guid":{"rendered":"https:\/\/cortechinoemb.es\/producto\/recambio-20-minas-0-7mm-2-uds\/"},"modified":"2024-08-27T21:35:52","modified_gmt":"2024-08-27T19:35:52","slug":"recambio-20-minas-0-7mm-2-uds","status":"publish","type":"product","link":"https:\/\/cortechinoemb.es\/en\/product\/recambio-20-minas-0-7mm-2-uds\/","title":{"rendered":"Recambio 20 minas 0.7mm 2 Uds."},"content":{"rendered":"","protected":false},"excerpt":{"rendered":"<ul>\n<li><strong>Grosor de Mina 0.7mm:<\/strong> Proporciona l\u00edneas m\u00e1s gruesas y visibles | perfecto para escritura c\u00f3moda y notas destacadas| as\u00ed como para dibujo con trazos m\u00e1s amplios.<\/li>\n<li><strong>Pack de 20 Minas:<\/strong> Incluye un total de 20 minas de 0.7mm | asegura un suministro prolongado para tu portaminas.<\/li>\n<li><strong>2 Unidades:<\/strong> Cada pack incluye dos unidades de recambio | garantiza que siempre tengas minas adicionales a mano.<\/li>\n<li><strong>Compatible con Portaminas:<\/strong> Dise\u00f1ado para ser compatible con portaminas de 0.7mm | f\u00e1cil de instalar y reemplazar| manteniendo un rendimiento \u00f3ptimo.<\/li>\n<li><strong>Calidad de Mina:<\/strong> Fabricadas con materiales de alta calidad | las minas ofrecen una escritura suave y consistente| adem\u00e1s de ser duraderas.<\/li>\n<\/ul>","protected":false},"featured_media":4295,"template":"","meta":{"site-sidebar-layout":"default","site-content-layout":"","ast-site-content-layout":"","site-content-style":"default","site-sidebar-style":"default","ast-global-header-display":"","ast-banner-title-visibility":"","ast-main-header-display":"","ast-hfb-above-header-display":"","ast-hfb-below-header-display":"","ast-hfb-mobile-header-display":"","site-post-title":"","ast-breadcrumbs-content":"","ast-featured-img":"","footer-sml-layout":"","theme-transparent-header-meta":"","adv-header-id-meta":"","stick-header-meta":"","header-above-stick-meta":"","header-main-stick-meta":"","header-below-stick-meta":"","astra-migrate-meta-layouts":"default","ast-page-background-enabled":"default","ast-page-background-meta":{"desktop":{"background-color":"","background-image":"","background-repeat":"repeat","background-position":"center center","background-size":"auto","background-attachment":"scroll","background-type":"","background-media":"","overlay-type":"","overlay-color":"","overlay-opacity":"","overlay-gradient":""},"tablet":{"background-color":"","background-image":"","background-repeat":"repeat","background-position":"center center","background-size":"auto","background-attachment":"scroll","background-type":"","background-media":"","overlay-type":"","overlay-color":"","overlay-opacity":"","overlay-gradient":""},"mobile":{"background-color":"","background-image":"","background-repeat":"repeat","background-position":"center center","background-size":"auto","background-attachment":"scroll","background-type":"","background-media":"","overlay-type":"","overlay-color":"","overlay-opacity":"","overlay-gradient":""}},"ast-content-background-meta":{"desktop":{"background-color":"var(--ast-global-color-5)","background-image":"","background-repeat":"repeat","background-position":"center center","background-size":"auto","background-attachment":"scroll","background-type":"","background-media":"","overlay-type":"","overlay-color":"","overlay-opacity":"","overlay-gradient":""},"tablet":{"background-color":"var(--ast-global-color-5)","background-image":"","background-repeat":"repeat","background-position":"center center","background-size":"auto","background-attachment":"scroll","background-type":"","background-media":"","overlay-type":"","overlay-color":"","overlay-opacity":"","overlay-gradient":""},"mobile":{"background-color":"var(--ast-global-color-5)","background-image":"","background-repeat":"repeat","background-position":"center center","background-size":"auto","background-attachment":"scroll","background-type":"","background-media":"","overlay-type":"","overlay-color":"","overlay-opacity":"","overlay-gradient":""}}},"product_brand":[],"product_cat":[660],"product_tag":[654,664],"class_list":{"0":"post-5774","1":"product","2":"type-product","3":"status-publish","4":"has-post-thumbnail","6":"product_cat-lapices-y-portaminas","7":"product_tag-mp","8":"product_tag-pack","9":"desktop-align-left","10":"tablet-align-left","11":"mobile-align-left","13":"first","14":"instock","15":"taxable","16":"shipping-taxable","17":"purchasable","18":"product-type-simple"},"jetpack_sharing_enabled":true,"_links":{"self":[{"href":"https:\/\/cortechinoemb.es\/en\/wp-json\/wp\/v2\/product\/5774"}],"collection":[{"href":"https:\/\/cortechinoemb.es\/en\/wp-json\/wp\/v2\/product"}],"about":[{"href":"https:\/\/cortechinoemb.es\/en\/wp-json\/wp\/v2\/types\/product"}],"wp:featuredmedia":[{"embeddable":true,"href":"https:\/\/cortechinoemb.es\/en\/wp-json\/wp\/v2\/media\/4295"}],"wp:attachment":[{"href":"https:\/\/cortechinoemb.es\/en\/wp-json\/wp\/v2\/media?parent=5774"}],"wp:term":[{"taxonomy":"product_brand","embeddable":true,"href":"https:\/\/cortechinoemb.es\/en\/wp-json\/wp\/v2\/product_brand?post=5774"},{"taxonomy":"product_cat","embeddable":true,"href":"https:\/\/cortechinoemb.es\/en\/wp-json\/wp\/v2\/product_cat?post=5774"},{"taxonomy":"product_tag","embeddable":true,"href":"https:\/\/cortechinoemb.es\/en\/wp-json\/wp\/v2\/product_tag?post=5774"}],"curies":[{"name":"wp","href":"https:\/\/api.w.org\/{rel}","templated":true}]}}