{"id":5765,"date":"2024-08-27T21:35:50","date_gmt":"2024-08-27T19:35:50","guid":{"rendered":"https:\/\/cortechinoemb.es\/?post_type=product&#038;p=5765"},"modified":"2024-08-28T13:51:55","modified_gmt":"2024-08-28T11:51:55","slug":"sacapuntas-con-deposito","status":"publish","type":"product","link":"https:\/\/cortechinoemb.es\/en\/product\/sacapuntas-con-deposito\/","title":{"rendered":"Sacapuntas con dep\u00f3sito"},"content":{"rendered":"","protected":false},"excerpt":{"rendered":"<ul>\n<li><strong>Dise\u00f1o Doble Compartimento:<\/strong> Equipado con dos compartimentos para sacar punta: uno est\u00e1ndar para l\u00e1pices normales y uno m\u00e1s grande para l\u00e1pices m\u00e1s gruesos.<\/li>\n<li><strong>Versatilidad:<\/strong> Apto para l\u00e1pices redondos| triangulares y hexagonales| adapt\u00e1ndose a diferentes formas y tama\u00f1os.<\/li>\n<li><strong>Dep\u00f3sito Integrado:<\/strong> Incluye un dep\u00f3sito para recoger las virutas| manteniendo tu espacio de trabajo limpio y ordenado.<\/li>\n<li><strong>Colores Disponibles:<\/strong> Verde| azul y rojo| permitiendo elegir seg\u00fan tus preferencias o coordinar con otros materiales escolares.<\/li>\n<li><strong>Marca MP:<\/strong> Reconocida por su calidad en productos de papeler\u00eda| garantizando durabilidad y un rendimiento fiable.<\/li>\n<\/ul>","protected":false},"featured_media":3939,"template":"","meta":{"site-sidebar-layout":"default","site-content-layout":"","ast-site-content-layout":"default","site-content-style":"default","site-sidebar-style":"default","ast-global-header-display":"","ast-banner-title-visibility":"","ast-main-header-display":"","ast-hfb-above-header-display":"","ast-hfb-below-header-display":"","ast-hfb-mobile-header-display":"","site-post-title":"","ast-breadcrumbs-content":"","ast-featured-img":"","footer-sml-layout":"","theme-transparent-header-meta":"default","adv-header-id-meta":"","stick-header-meta":"","header-above-stick-meta":"","header-main-stick-meta":"","header-below-stick-meta":"","astra-migrate-meta-layouts":"set","ast-page-background-enabled":"default","ast-page-background-meta":{"desktop":{"background-color":"","background-image":"","background-repeat":"repeat","background-position":"center center","background-size":"auto","background-attachment":"scroll","background-type":"","background-media":"","overlay-type":"","overlay-color":"","overlay-opacity":"","overlay-gradient":""},"tablet":{"background-color":"","background-image":"","background-repeat":"repeat","background-position":"center center","background-size":"auto","background-attachment":"scroll","background-type":"","background-media":"","overlay-type":"","overlay-color":"","overlay-opacity":"","overlay-gradient":""},"mobile":{"background-color":"","background-image":"","background-repeat":"repeat","background-position":"center center","background-size":"auto","background-attachment":"scroll","background-type":"","background-media":"","overlay-type":"","overlay-color":"","overlay-opacity":"","overlay-gradient":""}},"ast-content-background-meta":{"desktop":{"background-color":"var(--ast-global-color-5)","background-image":"","background-repeat":"repeat","background-position":"center center","background-size":"auto","background-attachment":"scroll","background-type":"","background-media":"","overlay-type":"","overlay-color":"","overlay-opacity":"","overlay-gradient":""},"tablet":{"background-color":"var(--ast-global-color-5)","background-image":"","background-repeat":"repeat","background-position":"center center","background-size":"auto","background-attachment":"scroll","background-type":"","background-media":"","overlay-type":"","overlay-color":"","overlay-opacity":"","overlay-gradient":""},"mobile":{"background-color":"var(--ast-global-color-5)","background-image":"","background-repeat":"repeat","background-position":"center center","background-size":"auto","background-attachment":"scroll","background-type":"","background-media":"","overlay-type":"","overlay-color":"","overlay-opacity":"","overlay-gradient":""}}},"product_brand":[],"product_cat":[653],"product_tag":[654,655],"class_list":{"0":"post-5765","1":"product","2":"type-product","3":"status-publish","4":"has-post-thumbnail","6":"product_cat-sacapuntas","7":"product_tag-mp","8":"product_tag-papeleria","9":"desktop-align-left","10":"tablet-align-left","11":"mobile-align-left","13":"first","14":"instock","15":"taxable","16":"shipping-taxable","17":"purchasable","18":"product-type-variable"},"jetpack_sharing_enabled":true,"_links":{"self":[{"href":"https:\/\/cortechinoemb.es\/en\/wp-json\/wp\/v2\/product\/5765"}],"collection":[{"href":"https:\/\/cortechinoemb.es\/en\/wp-json\/wp\/v2\/product"}],"about":[{"href":"https:\/\/cortechinoemb.es\/en\/wp-json\/wp\/v2\/types\/product"}],"wp:featuredmedia":[{"embeddable":true,"href":"https:\/\/cortechinoemb.es\/en\/wp-json\/wp\/v2\/media\/3939"}],"wp:attachment":[{"href":"https:\/\/cortechinoemb.es\/en\/wp-json\/wp\/v2\/media?parent=5765"}],"wp:term":[{"taxonomy":"product_brand","embeddable":true,"href":"https:\/\/cortechinoemb.es\/en\/wp-json\/wp\/v2\/product_brand?post=5765"},{"taxonomy":"product_cat","embeddable":true,"href":"https:\/\/cortechinoemb.es\/en\/wp-json\/wp\/v2\/product_cat?post=5765"},{"taxonomy":"product_tag","embeddable":true,"href":"https:\/\/cortechinoemb.es\/en\/wp-json\/wp\/v2\/product_tag?post=5765"}],"curies":[{"name":"wp","href":"https:\/\/api.w.org\/{rel}","templated":true}]}}