{"id":5740,"date":"2024-08-27T21:35:42","date_gmt":"2024-08-27T19:35:42","guid":{"rendered":"https:\/\/cortechinoemb.es\/producto\/pack-2-lapices-noris-naranja-2b0-staedtler\/"},"modified":"2024-08-28T16:32:14","modified_gmt":"2024-08-28T14:32:14","slug":"pack-2-lapices-noris-naranja-2b0-staedtler","status":"publish","type":"product","link":"https:\/\/cortechinoemb.es\/en\/product\/pack-2-lapices-noris-naranja-2b0-staedtler\/","title":{"rendered":"Pack 2 L\u00e1pices NORIS Naranja 2B0 Staedtler"},"content":{"rendered":"","protected":false},"excerpt":{"rendered":"<ul>\n<li><strong>Marca Staedtler:<\/strong> Reconocida por su excelencia en productos de escritura y dibujo | Staedtler ofrece l\u00e1pices de alta calidad que son confiables y duraderos.<\/li>\n<li><strong>Dureza 2B0:<\/strong> Proporciona una escritura suave y un color naranja vibrante | ideal para crear l\u00edneas profundas y intensas en tus dibujos y escritos.<\/li>\n<li><strong>Dise\u00f1o Cl\u00e1sico NORIS:<\/strong> El vibrante cuerpo naranja con detalles en negro de los l\u00e1pices NORIS es f\u00e1cilmente reconocible | combinando un dise\u00f1o atractivo con una funcionalidad \u00f3ptima.<\/li>\n<li><strong>Madera de Alta Calidad:<\/strong> Fabricados con madera certificada y sostenible | los l\u00e1pices Staedtler son f\u00e1ciles de afilar y resistentes a la rotura.<\/li>\n<li><strong>Pack de 2 Unidades:<\/strong> Perfecto para tener siempre un l\u00e1piz a mano | ya sea en tu escritorio| estuche o mochila.<\/li>\n<\/ul>","protected":false},"featured_media":4355,"template":"","meta":{"site-sidebar-layout":"default","site-content-layout":"","ast-site-content-layout":"default","site-content-style":"default","site-sidebar-style":"default","ast-global-header-display":"","ast-banner-title-visibility":"","ast-main-header-display":"","ast-hfb-above-header-display":"","ast-hfb-below-header-display":"","ast-hfb-mobile-header-display":"","site-post-title":"","ast-breadcrumbs-content":"","ast-featured-img":"","footer-sml-layout":"","theme-transparent-header-meta":"default","adv-header-id-meta":"","stick-header-meta":"","header-above-stick-meta":"","header-main-stick-meta":"","header-below-stick-meta":"","astra-migrate-meta-layouts":"set","ast-page-background-enabled":"default","ast-page-background-meta":{"desktop":{"background-color":"","background-image":"","background-repeat":"repeat","background-position":"center center","background-size":"auto","background-attachment":"scroll","background-type":"","background-media":"","overlay-type":"","overlay-color":"","overlay-opacity":"","overlay-gradient":""},"tablet":{"background-color":"","background-image":"","background-repeat":"repeat","background-position":"center center","background-size":"auto","background-attachment":"scroll","background-type":"","background-media":"","overlay-type":"","overlay-color":"","overlay-opacity":"","overlay-gradient":""},"mobile":{"background-color":"","background-image":"","background-repeat":"repeat","background-position":"center center","background-size":"auto","background-attachment":"scroll","background-type":"","background-media":"","overlay-type":"","overlay-color":"","overlay-opacity":"","overlay-gradient":""}},"ast-content-background-meta":{"desktop":{"background-color":"var(--ast-global-color-5)","background-image":"","background-repeat":"repeat","background-position":"center center","background-size":"auto","background-attachment":"scroll","background-type":"","background-media":"","overlay-type":"","overlay-color":"","overlay-opacity":"","overlay-gradient":""},"tablet":{"background-color":"var(--ast-global-color-5)","background-image":"","background-repeat":"repeat","background-position":"center center","background-size":"auto","background-attachment":"scroll","background-type":"","background-media":"","overlay-type":"","overlay-color":"","overlay-opacity":"","overlay-gradient":""},"mobile":{"background-color":"var(--ast-global-color-5)","background-image":"","background-repeat":"repeat","background-position":"center center","background-size":"auto","background-attachment":"scroll","background-type":"","background-media":"","overlay-type":"","overlay-color":"","overlay-opacity":"","overlay-gradient":""}}},"product_brand":[],"product_cat":[660],"product_tag":[692],"class_list":{"0":"post-5740","1":"product","2":"type-product","3":"status-publish","4":"has-post-thumbnail","6":"product_cat-lapices-y-portaminas","7":"product_tag-staedtler","8":"desktop-align-left","9":"tablet-align-left","10":"mobile-align-left","12":"first","13":"instock","14":"taxable","15":"shipping-taxable","16":"purchasable","17":"product-type-simple"},"jetpack_sharing_enabled":true,"_links":{"self":[{"href":"https:\/\/cortechinoemb.es\/en\/wp-json\/wp\/v2\/product\/5740"}],"collection":[{"href":"https:\/\/cortechinoemb.es\/en\/wp-json\/wp\/v2\/product"}],"about":[{"href":"https:\/\/cortechinoemb.es\/en\/wp-json\/wp\/v2\/types\/product"}],"wp:featuredmedia":[{"embeddable":true,"href":"https:\/\/cortechinoemb.es\/en\/wp-json\/wp\/v2\/media\/4355"}],"wp:attachment":[{"href":"https:\/\/cortechinoemb.es\/en\/wp-json\/wp\/v2\/media?parent=5740"}],"wp:term":[{"taxonomy":"product_brand","embeddable":true,"href":"https:\/\/cortechinoemb.es\/en\/wp-json\/wp\/v2\/product_brand?post=5740"},{"taxonomy":"product_cat","embeddable":true,"href":"https:\/\/cortechinoemb.es\/en\/wp-json\/wp\/v2\/product_cat?post=5740"},{"taxonomy":"product_tag","embeddable":true,"href":"https:\/\/cortechinoemb.es\/en\/wp-json\/wp\/v2\/product_tag?post=5740"}],"curies":[{"name":"wp","href":"https:\/\/api.w.org\/{rel}","templated":true}]}}