{"id":5709,"date":"2024-08-27T21:35:32","date_gmt":"2024-08-27T19:35:32","guid":{"rendered":"https:\/\/cortechinoemb.es\/producto\/etiquetas-19x40mm-100-uds\/"},"modified":"2024-08-28T17:59:31","modified_gmt":"2024-08-28T15:59:31","slug":"etiquetas-19x40mm-100-uds","status":"publish","type":"product","link":"https:\/\/cortechinoemb.es\/en\/product\/etiquetas-19x40mm-100-uds\/","title":{"rendered":"Etiquetas 19x40mm 100 Uds."},"content":{"rendered":"","protected":false},"excerpt":{"rendered":"<ul>\n<li><strong>Tama\u00f1o:<\/strong> Cada etiqueta mide 19 x 40 mm. Ideal para marcar y organizar documentos u objetos de manera eficiente.<\/li>\n<li><strong>Pack de 100 Unidades:<\/strong> Incluye 100 etiquetas en total ( distribuidas en 5 hojas) proporcionando una soluci\u00f3n pr\u00e1ctica para tus necesidades de etiquetado.<\/li>\n<li><strong>Adhesivo Fuerte:<\/strong> Las etiquetas est\u00e1n dise\u00f1adas con un adhesivo de alta calidad que asegura una sujeci\u00f3n firme y duradera en diversas superficies.<\/li>\n<li><strong>Color Blanco:<\/strong> El color blanco de las etiquetas permite una impresi\u00f3n clara y un dise\u00f1o personalizado seg\u00fan tus necesidades.<\/li>\n<li><strong>Marca MP:<\/strong> Conocida por su calidad en productos de papeler\u00eda garantizando un rendimiento confiable y eficiente en cada etiqueta.<\/li>\n<\/ul>","protected":false},"featured_media":5130,"template":"","meta":{"site-sidebar-layout":"default","site-content-layout":"","ast-site-content-layout":"default","site-content-style":"default","site-sidebar-style":"default","ast-global-header-display":"","ast-banner-title-visibility":"","ast-main-header-display":"","ast-hfb-above-header-display":"","ast-hfb-below-header-display":"","ast-hfb-mobile-header-display":"","site-post-title":"","ast-breadcrumbs-content":"","ast-featured-img":"","footer-sml-layout":"","theme-transparent-header-meta":"default","adv-header-id-meta":"","stick-header-meta":"","header-above-stick-meta":"","header-main-stick-meta":"","header-below-stick-meta":"","astra-migrate-meta-layouts":"set","ast-page-background-enabled":"default","ast-page-background-meta":{"desktop":{"background-color":"","background-image":"","background-repeat":"repeat","background-position":"center center","background-size":"auto","background-attachment":"scroll","background-type":"","background-media":"","overlay-type":"","overlay-color":"","overlay-opacity":"","overlay-gradient":""},"tablet":{"background-color":"","background-image":"","background-repeat":"repeat","background-position":"center center","background-size":"auto","background-attachment":"scroll","background-type":"","background-media":"","overlay-type":"","overlay-color":"","overlay-opacity":"","overlay-gradient":""},"mobile":{"background-color":"","background-image":"","background-repeat":"repeat","background-position":"center center","background-size":"auto","background-attachment":"scroll","background-type":"","background-media":"","overlay-type":"","overlay-color":"","overlay-opacity":"","overlay-gradient":""}},"ast-content-background-meta":{"desktop":{"background-color":"var(--ast-global-color-5)","background-image":"","background-repeat":"repeat","background-position":"center center","background-size":"auto","background-attachment":"scroll","background-type":"","background-media":"","overlay-type":"","overlay-color":"","overlay-opacity":"","overlay-gradient":""},"tablet":{"background-color":"var(--ast-global-color-5)","background-image":"","background-repeat":"repeat","background-position":"center center","background-size":"auto","background-attachment":"scroll","background-type":"","background-media":"","overlay-type":"","overlay-color":"","overlay-opacity":"","overlay-gradient":""},"mobile":{"background-color":"var(--ast-global-color-5)","background-image":"","background-repeat":"repeat","background-position":"center center","background-size":"auto","background-attachment":"scroll","background-type":"","background-media":"","overlay-type":"","overlay-color":"","overlay-opacity":"","overlay-gradient":""}}},"product_brand":[],"product_cat":[693],"product_tag":[661],"class_list":{"0":"post-5709","1":"product","2":"type-product","3":"status-publish","4":"has-post-thumbnail","6":"product_cat-adhesivo","7":"product_tag-mp-4","8":"desktop-align-left","9":"tablet-align-left","10":"mobile-align-left","12":"first","13":"instock","14":"taxable","15":"shipping-taxable","16":"purchasable","17":"product-type-simple"},"jetpack_sharing_enabled":true,"_links":{"self":[{"href":"https:\/\/cortechinoemb.es\/en\/wp-json\/wp\/v2\/product\/5709"}],"collection":[{"href":"https:\/\/cortechinoemb.es\/en\/wp-json\/wp\/v2\/product"}],"about":[{"href":"https:\/\/cortechinoemb.es\/en\/wp-json\/wp\/v2\/types\/product"}],"wp:featuredmedia":[{"embeddable":true,"href":"https:\/\/cortechinoemb.es\/en\/wp-json\/wp\/v2\/media\/5130"}],"wp:attachment":[{"href":"https:\/\/cortechinoemb.es\/en\/wp-json\/wp\/v2\/media?parent=5709"}],"wp:term":[{"taxonomy":"product_brand","embeddable":true,"href":"https:\/\/cortechinoemb.es\/en\/wp-json\/wp\/v2\/product_brand?post=5709"},{"taxonomy":"product_cat","embeddable":true,"href":"https:\/\/cortechinoemb.es\/en\/wp-json\/wp\/v2\/product_cat?post=5709"},{"taxonomy":"product_tag","embeddable":true,"href":"https:\/\/cortechinoemb.es\/en\/wp-json\/wp\/v2\/product_tag?post=5709"}],"curies":[{"name":"wp","href":"https:\/\/api.w.org\/{rel}","templated":true}]}}