{"id":5708,"date":"2024-08-27T21:35:32","date_gmt":"2024-08-27T19:35:32","guid":{"rendered":"https:\/\/cortechinoemb.es\/producto\/cuaderno-de-musica-8-pentagramas-a5-20-hojas\/"},"modified":"2024-08-28T18:01:37","modified_gmt":"2024-08-28T16:01:37","slug":"cuaderno-de-musica-8-pentagramas-a5-20-hojas","status":"publish","type":"product","link":"https:\/\/cortechinoemb.es\/en\/product\/cuaderno-de-musica-8-pentagramas-a5-20-hojas\/","title":{"rendered":"Cuaderno de m\u00fasica 8 pentagramas A5 20 hojas"},"content":{"rendered":"","protected":false},"excerpt":{"rendered":"<ul>\n<li><strong>Formato A5:<\/strong> Tama\u00f1o compacto de 14.8&#215;21 cm. F\u00e1cil de transportar y perfecto para llevar a tus ensayos o clases.<\/li>\n<li><strong>8 Pentagramas por P\u00e1gina:<\/strong> Cada hoja est\u00e1 dise\u00f1ada con 8 pentagramas | ofrece amplio espacio para escribir y organizar tus partituras musicales.<\/li>\n<li><strong>20 Hojas:<\/strong> Incluye 20 hojas en cada cuaderno. Suficiente para una gran cantidad de composiciones y anotaciones musicales.<\/li>\n<li><strong>Marca Cervantes:<\/strong> Conocida por su calidad en productos de papeler\u00eda y m\u00fasica . Garantiza un cuaderno bien dise\u00f1ado y duradero.<\/li>\n<li><strong>Dise\u00f1o Pr\u00e1ctico:<\/strong> Cada hoja est\u00e1 especialmente dise\u00f1ada para facilitar la escritura musical. Ideal para compositores y estudiantes de m\u00fasica.<\/li>\n<\/ul>","protected":false},"featured_media":4323,"template":"","meta":{"site-sidebar-layout":"default","site-content-layout":"","ast-site-content-layout":"default","site-content-style":"default","site-sidebar-style":"default","ast-global-header-display":"","ast-banner-title-visibility":"","ast-main-header-display":"","ast-hfb-above-header-display":"","ast-hfb-below-header-display":"","ast-hfb-mobile-header-display":"","site-post-title":"","ast-breadcrumbs-content":"","ast-featured-img":"","footer-sml-layout":"","theme-transparent-header-meta":"default","adv-header-id-meta":"","stick-header-meta":"","header-above-stick-meta":"","header-main-stick-meta":"","header-below-stick-meta":"","astra-migrate-meta-layouts":"set","ast-page-background-enabled":"default","ast-page-background-meta":{"desktop":{"background-color":"","background-image":"","background-repeat":"repeat","background-position":"center center","background-size":"auto","background-attachment":"scroll","background-type":"","background-media":"","overlay-type":"","overlay-color":"","overlay-opacity":"","overlay-gradient":""},"tablet":{"background-color":"","background-image":"","background-repeat":"repeat","background-position":"center center","background-size":"auto","background-attachment":"scroll","background-type":"","background-media":"","overlay-type":"","overlay-color":"","overlay-opacity":"","overlay-gradient":""},"mobile":{"background-color":"","background-image":"","background-repeat":"repeat","background-position":"center center","background-size":"auto","background-attachment":"scroll","background-type":"","background-media":"","overlay-type":"","overlay-color":"","overlay-opacity":"","overlay-gradient":""}},"ast-content-background-meta":{"desktop":{"background-color":"var(--ast-global-color-5)","background-image":"","background-repeat":"repeat","background-position":"center center","background-size":"auto","background-attachment":"scroll","background-type":"","background-media":"","overlay-type":"","overlay-color":"","overlay-opacity":"","overlay-gradient":""},"tablet":{"background-color":"var(--ast-global-color-5)","background-image":"","background-repeat":"repeat","background-position":"center center","background-size":"auto","background-attachment":"scroll","background-type":"","background-media":"","overlay-type":"","overlay-color":"","overlay-opacity":"","overlay-gradient":""},"mobile":{"background-color":"var(--ast-global-color-5)","background-image":"","background-repeat":"repeat","background-position":"center center","background-size":"auto","background-attachment":"scroll","background-type":"","background-media":"","overlay-type":"","overlay-color":"","overlay-opacity":"","overlay-gradient":""}}},"product_brand":[],"product_cat":[695],"product_tag":[683,697,696],"class_list":{"0":"post-5708","1":"product","2":"type-product","3":"status-publish","4":"has-post-thumbnail","6":"product_cat-bloc-de-musica","7":"product_tag-bloc","8":"product_tag-a5","9":"product_tag-mp-5","10":"desktop-align-left","11":"tablet-align-left","12":"mobile-align-left","14":"first","15":"instock","16":"taxable","17":"shipping-taxable","18":"purchasable","19":"product-type-simple"},"jetpack_sharing_enabled":true,"_links":{"self":[{"href":"https:\/\/cortechinoemb.es\/en\/wp-json\/wp\/v2\/product\/5708"}],"collection":[{"href":"https:\/\/cortechinoemb.es\/en\/wp-json\/wp\/v2\/product"}],"about":[{"href":"https:\/\/cortechinoemb.es\/en\/wp-json\/wp\/v2\/types\/product"}],"wp:featuredmedia":[{"embeddable":true,"href":"https:\/\/cortechinoemb.es\/en\/wp-json\/wp\/v2\/media\/4323"}],"wp:attachment":[{"href":"https:\/\/cortechinoemb.es\/en\/wp-json\/wp\/v2\/media?parent=5708"}],"wp:term":[{"taxonomy":"product_brand","embeddable":true,"href":"https:\/\/cortechinoemb.es\/en\/wp-json\/wp\/v2\/product_brand?post=5708"},{"taxonomy":"product_cat","embeddable":true,"href":"https:\/\/cortechinoemb.es\/en\/wp-json\/wp\/v2\/product_cat?post=5708"},{"taxonomy":"product_tag","embeddable":true,"href":"https:\/\/cortechinoemb.es\/en\/wp-json\/wp\/v2\/product_tag?post=5708"}],"curies":[{"name":"wp","href":"https:\/\/api.w.org\/{rel}","templated":true}]}}