{"id":5704,"date":"2024-08-27T21:35:31","date_gmt":"2024-08-27T19:35:31","guid":{"rendered":"https:\/\/cortechinoemb.es\/?post_type=product&#038;p=5704"},"modified":"2024-08-28T18:10:26","modified_gmt":"2024-08-28T16:10:26","slug":"pack-2-boligrafos-bic-cristal-large-1-6mm","status":"publish","type":"product","link":"https:\/\/cortechinoemb.es\/en\/product\/pack-2-boligrafos-bic-cristal-large-1-6mm\/","title":{"rendered":"Pack 2 Bol\u00edgrafos BIC Cristal large 1.6mm"},"content":{"rendered":"","protected":false},"excerpt":{"rendered":"<ul>\n<li><strong>Marca BIC:<\/strong> Reconocida globalmente por su durabilidad y calidad en productos de escritura. Los bol\u00edgrafos BIC Cristal Large son un s\u00edmbolo de fiabilidad para millones de usuarios.<\/li>\n<li><strong>Punta de 1.6mm:<\/strong> Produce una l\u00ednea gruesa de 0.6mm. Perfecta para una escritura m\u00e1s destacada y legible en cualquier tipo de papel.<\/li>\n<li><strong>Escritura Fluida:<\/strong> La bola de tungsteno de alta precisi\u00f3n ofrece una experiencia de escritura suave y uniforme reduciendo la fricci\u00f3n y proporcionando comodidad durante el uso prolongado.<\/li>\n<li><strong>Variedad de Colores:<\/strong> Este pack incluye dos colores cl\u00e1sicos: azul | negro | ideales para todas tus necesidades de escritura cotidianas.<\/li>\n<li><strong>Dise\u00f1o Ic\u00f3nico:<\/strong> El dise\u00f1o cl\u00e1sico y transparente del cuerpo hexagonal permite ver el nivel de tinta restante proporcionando un agarre c\u00f3modo y seguro.<\/li>\n<\/ul>","protected":false},"featured_media":5374,"template":"","meta":{"site-sidebar-layout":"default","site-content-layout":"","ast-site-content-layout":"default","site-content-style":"default","site-sidebar-style":"default","ast-global-header-display":"","ast-banner-title-visibility":"","ast-main-header-display":"","ast-hfb-above-header-display":"","ast-hfb-below-header-display":"","ast-hfb-mobile-header-display":"","site-post-title":"","ast-breadcrumbs-content":"","ast-featured-img":"","footer-sml-layout":"","theme-transparent-header-meta":"default","adv-header-id-meta":"","stick-header-meta":"","header-above-stick-meta":"","header-main-stick-meta":"","header-below-stick-meta":"","astra-migrate-meta-layouts":"set","ast-page-background-enabled":"default","ast-page-background-meta":{"desktop":{"background-color":"","background-image":"","background-repeat":"repeat","background-position":"center center","background-size":"auto","background-attachment":"scroll","background-type":"","background-media":"","overlay-type":"","overlay-color":"","overlay-opacity":"","overlay-gradient":""},"tablet":{"background-color":"","background-image":"","background-repeat":"repeat","background-position":"center center","background-size":"auto","background-attachment":"scroll","background-type":"","background-media":"","overlay-type":"","overlay-color":"","overlay-opacity":"","overlay-gradient":""},"mobile":{"background-color":"","background-image":"","background-repeat":"repeat","background-position":"center center","background-size":"auto","background-attachment":"scroll","background-type":"","background-media":"","overlay-type":"","overlay-color":"","overlay-opacity":"","overlay-gradient":""}},"ast-content-background-meta":{"desktop":{"background-color":"var(--ast-global-color-5)","background-image":"","background-repeat":"repeat","background-position":"center center","background-size":"auto","background-attachment":"scroll","background-type":"","background-media":"","overlay-type":"","overlay-color":"","overlay-opacity":"","overlay-gradient":""},"tablet":{"background-color":"var(--ast-global-color-5)","background-image":"","background-repeat":"repeat","background-position":"center center","background-size":"auto","background-attachment":"scroll","background-type":"","background-media":"","overlay-type":"","overlay-color":"","overlay-opacity":"","overlay-gradient":""},"mobile":{"background-color":"var(--ast-global-color-5)","background-image":"","background-repeat":"repeat","background-position":"center center","background-size":"auto","background-attachment":"scroll","background-type":"","background-media":"","overlay-type":"","overlay-color":"","overlay-opacity":"","overlay-gradient":""}}},"product_brand":[],"product_cat":[676],"product_tag":[677],"class_list":{"0":"post-5704","1":"product","2":"type-product","3":"status-publish","4":"has-post-thumbnail","6":"product_cat-boligrafos","7":"product_tag-bic","8":"desktop-align-left","9":"tablet-align-left","10":"mobile-align-left","12":"first","13":"instock","14":"taxable","15":"shipping-taxable","16":"purchasable","17":"product-type-variable"},"jetpack_sharing_enabled":true,"_links":{"self":[{"href":"https:\/\/cortechinoemb.es\/en\/wp-json\/wp\/v2\/product\/5704"}],"collection":[{"href":"https:\/\/cortechinoemb.es\/en\/wp-json\/wp\/v2\/product"}],"about":[{"href":"https:\/\/cortechinoemb.es\/en\/wp-json\/wp\/v2\/types\/product"}],"wp:featuredmedia":[{"embeddable":true,"href":"https:\/\/cortechinoemb.es\/en\/wp-json\/wp\/v2\/media\/5374"}],"wp:attachment":[{"href":"https:\/\/cortechinoemb.es\/en\/wp-json\/wp\/v2\/media?parent=5704"}],"wp:term":[{"taxonomy":"product_brand","embeddable":true,"href":"https:\/\/cortechinoemb.es\/en\/wp-json\/wp\/v2\/product_brand?post=5704"},{"taxonomy":"product_cat","embeddable":true,"href":"https:\/\/cortechinoemb.es\/en\/wp-json\/wp\/v2\/product_cat?post=5704"},{"taxonomy":"product_tag","embeddable":true,"href":"https:\/\/cortechinoemb.es\/en\/wp-json\/wp\/v2\/product_tag?post=5704"}],"curies":[{"name":"wp","href":"https:\/\/api.w.org\/{rel}","templated":true}]}}