{"id":5699,"date":"2024-08-27T21:35:28","date_gmt":"2024-08-27T19:35:28","guid":{"rendered":"https:\/\/cortechinoemb.es\/producto\/corrector-boli-4ml\/"},"modified":"2024-08-28T19:29:52","modified_gmt":"2024-08-28T17:29:52","slug":"corrector-boli-4ml","status":"publish","type":"product","link":"https:\/\/cortechinoemb.es\/en\/product\/corrector-boli-4ml\/","title":{"rendered":"Corrector boli 4ml"},"content":{"rendered":"","protected":false},"excerpt":{"rendered":"<ul>\n<li><strong>Capacidad:<\/strong> Frasco de 4 ml. Ideal para correcciones r\u00e1pidas y precisas en documentos y notas.<\/li>\n<li><strong>Formato de Bol\u00edgrafo:<\/strong> Dise\u00f1o ergon\u00f3mico tipo bol\u00edgrafo para una aplicaci\u00f3n sencilla y controlada. Perfecto para peque\u00f1os ajustes y correcciones.<\/li>\n<li><strong>F\u00f3rmula de Secado R\u00e1pido:<\/strong> Ofrece un secado \u00e1gil para que puedas continuar con tu trabajo sin largas esperas.<\/li>\n<li><strong>Cobertura Efectiva:<\/strong> Proporciona una cobertura opaca y uniforme| asegurando que los errores sean completamente ocultos.<\/li>\n<li><strong>Marca MP:<\/strong> Conocida por su fiabilidad y calidad en productos de correcci\u00f3n garantizando resultados precisos y duraderos.<\/li>\n<\/ul>","protected":false},"featured_media":3910,"template":"","meta":{"site-sidebar-layout":"default","site-content-layout":"","ast-site-content-layout":"default","site-content-style":"default","site-sidebar-style":"default","ast-global-header-display":"","ast-banner-title-visibility":"","ast-main-header-display":"","ast-hfb-above-header-display":"","ast-hfb-below-header-display":"","ast-hfb-mobile-header-display":"","site-post-title":"","ast-breadcrumbs-content":"","ast-featured-img":"","footer-sml-layout":"","theme-transparent-header-meta":"default","adv-header-id-meta":"","stick-header-meta":"","header-above-stick-meta":"","header-main-stick-meta":"","header-below-stick-meta":"","astra-migrate-meta-layouts":"set","ast-page-background-enabled":"default","ast-page-background-meta":{"desktop":{"background-color":"","background-image":"","background-repeat":"repeat","background-position":"center center","background-size":"auto","background-attachment":"scroll","background-type":"","background-media":"","overlay-type":"","overlay-color":"","overlay-opacity":"","overlay-gradient":""},"tablet":{"background-color":"","background-image":"","background-repeat":"repeat","background-position":"center center","background-size":"auto","background-attachment":"scroll","background-type":"","background-media":"","overlay-type":"","overlay-color":"","overlay-opacity":"","overlay-gradient":""},"mobile":{"background-color":"","background-image":"","background-repeat":"repeat","background-position":"center center","background-size":"auto","background-attachment":"scroll","background-type":"","background-media":"","overlay-type":"","overlay-color":"","overlay-opacity":"","overlay-gradient":""}},"ast-content-background-meta":{"desktop":{"background-color":"var(--ast-global-color-5)","background-image":"","background-repeat":"repeat","background-position":"center center","background-size":"auto","background-attachment":"scroll","background-type":"","background-media":"","overlay-type":"","overlay-color":"","overlay-opacity":"","overlay-gradient":""},"tablet":{"background-color":"var(--ast-global-color-5)","background-image":"","background-repeat":"repeat","background-position":"center center","background-size":"auto","background-attachment":"scroll","background-type":"","background-media":"","overlay-type":"","overlay-color":"","overlay-opacity":"","overlay-gradient":""},"mobile":{"background-color":"var(--ast-global-color-5)","background-image":"","background-repeat":"repeat","background-position":"center center","background-size":"auto","background-attachment":"scroll","background-type":"","background-media":"","overlay-type":"","overlay-color":"","overlay-opacity":"","overlay-gradient":""}}},"product_brand":[],"product_cat":[669],"product_tag":[654,655],"class_list":{"0":"post-5699","1":"product","2":"type-product","3":"status-publish","4":"has-post-thumbnail","6":"product_cat-correccion","7":"product_tag-mp","8":"product_tag-papeleria","9":"desktop-align-left","10":"tablet-align-left","11":"mobile-align-left","13":"first","14":"instock","15":"taxable","16":"shipping-taxable","17":"purchasable","18":"product-type-simple"},"jetpack_sharing_enabled":true,"_links":{"self":[{"href":"https:\/\/cortechinoemb.es\/en\/wp-json\/wp\/v2\/product\/5699"}],"collection":[{"href":"https:\/\/cortechinoemb.es\/en\/wp-json\/wp\/v2\/product"}],"about":[{"href":"https:\/\/cortechinoemb.es\/en\/wp-json\/wp\/v2\/types\/product"}],"wp:featuredmedia":[{"embeddable":true,"href":"https:\/\/cortechinoemb.es\/en\/wp-json\/wp\/v2\/media\/3910"}],"wp:attachment":[{"href":"https:\/\/cortechinoemb.es\/en\/wp-json\/wp\/v2\/media?parent=5699"}],"wp:term":[{"taxonomy":"product_brand","embeddable":true,"href":"https:\/\/cortechinoemb.es\/en\/wp-json\/wp\/v2\/product_brand?post=5699"},{"taxonomy":"product_cat","embeddable":true,"href":"https:\/\/cortechinoemb.es\/en\/wp-json\/wp\/v2\/product_cat?post=5699"},{"taxonomy":"product_tag","embeddable":true,"href":"https:\/\/cortechinoemb.es\/en\/wp-json\/wp\/v2\/product_tag?post=5699"}],"curies":[{"name":"wp","href":"https:\/\/api.w.org\/{rel}","templated":true}]}}