{"id":5686,"date":"2024-08-27T21:35:24","date_gmt":"2024-08-27T19:35:24","guid":{"rendered":"https:\/\/cortechinoemb.es\/producto\/ceras-blandas-manley-15-unidades\/"},"modified":"2024-08-28T19:45:53","modified_gmt":"2024-08-28T17:45:53","slug":"ceras-blandas-manley-15-unidades","status":"publish","type":"product","link":"https:\/\/cortechinoemb.es\/en\/product\/ceras-blandas-manley-15-unidades\/","title":{"rendered":"Ceras blandas Manley 15 unidades"},"content":{"rendered":"","protected":false},"excerpt":{"rendered":"<ul>\n<li><strong>Cantidad:<\/strong> Paquete de 15 ceras blandas Manley| perfecto para ampliar tu paleta de colores y explorar m\u00e1s opciones creativas.<\/li>\n<li><strong>Textura Suave:<\/strong> Dise\u00f1adas para una aplicaci\u00f3n f\u00e1cil y uniforme| permitiendo una mezcla suave de colores y un acabado profesional.<\/li>\n<li><strong>F\u00e1cil de Usar:<\/strong> Su consistencia blanda facilita el trabajo| proporcionando un control total sobre la aplicaci\u00f3n y el color.<\/li>\n<li><strong>Calidad Manley:<\/strong> Conocidas por su durabilidad y alta pigmentaci\u00f3n| asegurando un rendimiento excepcional y resultados duraderos.<\/li>\n<\/ul>","protected":false},"featured_media":3892,"template":"","meta":{"site-sidebar-layout":"default","site-content-layout":"","ast-site-content-layout":"default","site-content-style":"default","site-sidebar-style":"default","ast-global-header-display":"","ast-banner-title-visibility":"","ast-main-header-display":"","ast-hfb-above-header-display":"","ast-hfb-below-header-display":"","ast-hfb-mobile-header-display":"","site-post-title":"","ast-breadcrumbs-content":"","ast-featured-img":"","footer-sml-layout":"","theme-transparent-header-meta":"default","adv-header-id-meta":"","stick-header-meta":"","header-above-stick-meta":"","header-main-stick-meta":"","header-below-stick-meta":"","astra-migrate-meta-layouts":"set","ast-page-background-enabled":"default","ast-page-background-meta":{"desktop":{"background-color":"","background-image":"","background-repeat":"repeat","background-position":"center center","background-size":"auto","background-attachment":"scroll","background-type":"","background-media":"","overlay-type":"","overlay-color":"","overlay-opacity":"","overlay-gradient":""},"tablet":{"background-color":"","background-image":"","background-repeat":"repeat","background-position":"center center","background-size":"auto","background-attachment":"scroll","background-type":"","background-media":"","overlay-type":"","overlay-color":"","overlay-opacity":"","overlay-gradient":""},"mobile":{"background-color":"","background-image":"","background-repeat":"repeat","background-position":"center center","background-size":"auto","background-attachment":"scroll","background-type":"","background-media":"","overlay-type":"","overlay-color":"","overlay-opacity":"","overlay-gradient":""}},"ast-content-background-meta":{"desktop":{"background-color":"var(--ast-global-color-5)","background-image":"","background-repeat":"repeat","background-position":"center center","background-size":"auto","background-attachment":"scroll","background-type":"","background-media":"","overlay-type":"","overlay-color":"","overlay-opacity":"","overlay-gradient":""},"tablet":{"background-color":"var(--ast-global-color-5)","background-image":"","background-repeat":"repeat","background-position":"center center","background-size":"auto","background-attachment":"scroll","background-type":"","background-media":"","overlay-type":"","overlay-color":"","overlay-opacity":"","overlay-gradient":""},"mobile":{"background-color":"var(--ast-global-color-5)","background-image":"","background-repeat":"repeat","background-position":"center center","background-size":"auto","background-attachment":"scroll","background-type":"","background-media":"","overlay-type":"","overlay-color":"","overlay-opacity":"","overlay-gradient":""}}},"product_brand":[],"product_cat":[717],"product_tag":[733],"class_list":{"0":"post-5686","1":"product","2":"type-product","3":"status-publish","4":"has-post-thumbnail","6":"product_cat-ceras","7":"product_tag-manley","8":"desktop-align-left","9":"tablet-align-left","10":"mobile-align-left","12":"first","13":"instock","14":"taxable","15":"shipping-taxable","16":"purchasable","17":"product-type-simple"},"jetpack_sharing_enabled":true,"_links":{"self":[{"href":"https:\/\/cortechinoemb.es\/en\/wp-json\/wp\/v2\/product\/5686"}],"collection":[{"href":"https:\/\/cortechinoemb.es\/en\/wp-json\/wp\/v2\/product"}],"about":[{"href":"https:\/\/cortechinoemb.es\/en\/wp-json\/wp\/v2\/types\/product"}],"wp:featuredmedia":[{"embeddable":true,"href":"https:\/\/cortechinoemb.es\/en\/wp-json\/wp\/v2\/media\/3892"}],"wp:attachment":[{"href":"https:\/\/cortechinoemb.es\/en\/wp-json\/wp\/v2\/media?parent=5686"}],"wp:term":[{"taxonomy":"product_brand","embeddable":true,"href":"https:\/\/cortechinoemb.es\/en\/wp-json\/wp\/v2\/product_brand?post=5686"},{"taxonomy":"product_cat","embeddable":true,"href":"https:\/\/cortechinoemb.es\/en\/wp-json\/wp\/v2\/product_cat?post=5686"},{"taxonomy":"product_tag","embeddable":true,"href":"https:\/\/cortechinoemb.es\/en\/wp-json\/wp\/v2\/product_tag?post=5686"}],"curies":[{"name":"wp","href":"https:\/\/api.w.org\/{rel}","templated":true}]}}