{"id":5646,"date":"2024-08-27T21:35:16","date_gmt":"2024-08-27T19:35:16","guid":{"rendered":"https:\/\/cortechinoemb.es\/?post_type=product&#038;p=5646"},"modified":"2024-08-28T19:59:37","modified_gmt":"2024-08-28T17:59:37","slug":"carpeta-sobre-con-cierre-de-cremallera","status":"publish","type":"product","link":"https:\/\/cortechinoemb.es\/en\/product\/carpeta-sobre-con-cierre-de-cremallera\/","title":{"rendered":"Carpeta sobre con cierre de cremallera"},"content":{"rendered":"","protected":false},"excerpt":{"rendered":"<ul>\n<li><strong>Tama\u00f1o A4:<\/strong> Perfecta para documentos de 210 x 297 mm. Mantienen todos tus papeles organizados y protegidos.<\/li>\n<li><strong>Cierre de Cremallera:<\/strong> Asegura que tus documentos est\u00e9n bien resguardados proporcionando f\u00e1cil acceso cuando lo necesites.<\/li>\n<li><strong>Colores Fluorescentes:<\/strong> Disponible en vibrantes tonos rosa| azul| azul oscuro| rojo| amarillo y verde. Ideales para a\u00f1adir un toque de energ\u00eda y visibilidad a tu organizaci\u00f3n.<\/li>\n<li><strong>Material Duradero:<\/strong> Fabricada en pl\u00e1stico resistente para una protecci\u00f3n confiable contra el desgaste diario.<\/li>\n<li><strong>Vers\u00e1til y Pr\u00e1ctica:<\/strong> Ideal para uso en la oficina| la escuela o en casa| manteniendo tus documentos importantes bien guardados y f\u00e1cilmente identificables.<\/li>\n<\/ul>\n<p>\u00a1Organiza con estilo y seguridad utilizando nuestra carpeta sobre con cierre de cremallera A4 en llamativos colores fluorescentes!<\/p>","protected":false},"featured_media":3303,"template":"","meta":{"site-sidebar-layout":"default","site-content-layout":"","ast-site-content-layout":"default","site-content-style":"default","site-sidebar-style":"default","ast-global-header-display":"","ast-banner-title-visibility":"","ast-main-header-display":"","ast-hfb-above-header-display":"","ast-hfb-below-header-display":"","ast-hfb-mobile-header-display":"","site-post-title":"","ast-breadcrumbs-content":"","ast-featured-img":"","footer-sml-layout":"","theme-transparent-header-meta":"default","adv-header-id-meta":"","stick-header-meta":"","header-above-stick-meta":"","header-main-stick-meta":"","header-below-stick-meta":"","astra-migrate-meta-layouts":"set","ast-page-background-enabled":"default","ast-page-background-meta":{"desktop":{"background-color":"","background-image":"","background-repeat":"repeat","background-position":"center center","background-size":"auto","background-attachment":"scroll","background-type":"","background-media":"","overlay-type":"","overlay-color":"","overlay-opacity":"","overlay-gradient":""},"tablet":{"background-color":"","background-image":"","background-repeat":"repeat","background-position":"center center","background-size":"auto","background-attachment":"scroll","background-type":"","background-media":"","overlay-type":"","overlay-color":"","overlay-opacity":"","overlay-gradient":""},"mobile":{"background-color":"","background-image":"","background-repeat":"repeat","background-position":"center center","background-size":"auto","background-attachment":"scroll","background-type":"","background-media":"","overlay-type":"","overlay-color":"","overlay-opacity":"","overlay-gradient":""}},"ast-content-background-meta":{"desktop":{"background-color":"var(--ast-global-color-5)","background-image":"","background-repeat":"repeat","background-position":"center center","background-size":"auto","background-attachment":"scroll","background-type":"","background-media":"","overlay-type":"","overlay-color":"","overlay-opacity":"","overlay-gradient":""},"tablet":{"background-color":"var(--ast-global-color-5)","background-image":"","background-repeat":"repeat","background-position":"center center","background-size":"auto","background-attachment":"scroll","background-type":"","background-media":"","overlay-type":"","overlay-color":"","overlay-opacity":"","overlay-gradient":""},"mobile":{"background-color":"var(--ast-global-color-5)","background-image":"","background-repeat":"repeat","background-position":"center center","background-size":"auto","background-attachment":"scroll","background-type":"","background-media":"","overlay-type":"","overlay-color":"","overlay-opacity":"","overlay-gradient":""}}},"product_brand":[],"product_cat":[712],"product_tag":[761,750,751],"class_list":{"0":"post-5646","1":"product","2":"type-product","3":"status-publish","4":"has-post-thumbnail","6":"product_cat-carpetas","7":"product_tag-fluorecente","8":"product_tag-papeleria-4","9":"product_tag-sobre-2","10":"desktop-align-left","11":"tablet-align-left","12":"mobile-align-left","14":"first","15":"instock","16":"taxable","17":"shipping-taxable","18":"purchasable","19":"product-type-variable"},"jetpack_sharing_enabled":true,"_links":{"self":[{"href":"https:\/\/cortechinoemb.es\/en\/wp-json\/wp\/v2\/product\/5646"}],"collection":[{"href":"https:\/\/cortechinoemb.es\/en\/wp-json\/wp\/v2\/product"}],"about":[{"href":"https:\/\/cortechinoemb.es\/en\/wp-json\/wp\/v2\/types\/product"}],"wp:featuredmedia":[{"embeddable":true,"href":"https:\/\/cortechinoemb.es\/en\/wp-json\/wp\/v2\/media\/3303"}],"wp:attachment":[{"href":"https:\/\/cortechinoemb.es\/en\/wp-json\/wp\/v2\/media?parent=5646"}],"wp:term":[{"taxonomy":"product_brand","embeddable":true,"href":"https:\/\/cortechinoemb.es\/en\/wp-json\/wp\/v2\/product_brand?post=5646"},{"taxonomy":"product_cat","embeddable":true,"href":"https:\/\/cortechinoemb.es\/en\/wp-json\/wp\/v2\/product_cat?post=5646"},{"taxonomy":"product_tag","embeddable":true,"href":"https:\/\/cortechinoemb.es\/en\/wp-json\/wp\/v2\/product_tag?post=5646"}],"curies":[{"name":"wp","href":"https:\/\/api.w.org\/{rel}","templated":true}]}}