{"id":5633,"date":"2024-08-27T21:35:13","date_gmt":"2024-08-27T19:35:13","guid":{"rendered":"https:\/\/cortechinoemb.es\/producto\/boligrafo-easy-grip-1-00mm-3uds\/"},"modified":"2024-08-28T20:13:41","modified_gmt":"2024-08-28T18:13:41","slug":"boligrafo-easy-grip-1-00mm-3uds","status":"publish","type":"product","link":"https:\/\/cortechinoemb.es\/en\/product\/boligrafo-easy-grip-1-00mm-3uds\/","title":{"rendered":"Bol\u00edgrafo easy grip 1.00mm 3Uds."},"content":{"rendered":"","protected":false},"excerpt":{"rendered":"<ul>\n<li><strong>Marca MP:<\/strong> Reconocida por su calidad y fiabilidad | los bol\u00edgrafos MP ofrecen una experiencia de escritura superior con cada uso.<\/li>\n<li><strong>Punta de 1.00mm:<\/strong> Proporciona una l\u00ednea media de 0.5mm | perfecta para una escritura clara y precisa en cualquier tipo de papel.<\/li>\n<li><strong>Easy Grip:<\/strong> Dise\u00f1o ergon\u00f3mico con agarre antideslizante | que asegura un confort \u00f3ptimo incluso durante largas sesiones de escritura.<\/li>\n<li><strong>Escritura Suave:<\/strong> La bola de alta precisi\u00f3n permite una escritura fluida y uniforme | reduciendo las interrupciones y garantizando un flujo de tinta constante.<\/li>\n<li><strong>Pack de 3 Unidades:<\/strong> Ideal para tener siempre un bol\u00edgrafo a mano | ya sea en el escritorio| el bolso o el estuche.<\/li>\n<\/ul>","protected":false},"featured_media":4257,"template":"","meta":{"site-sidebar-layout":"default","site-content-layout":"","ast-site-content-layout":"default","site-content-style":"default","site-sidebar-style":"default","ast-global-header-display":"","ast-banner-title-visibility":"","ast-main-header-display":"","ast-hfb-above-header-display":"","ast-hfb-below-header-display":"","ast-hfb-mobile-header-display":"","site-post-title":"","ast-breadcrumbs-content":"","ast-featured-img":"","footer-sml-layout":"","theme-transparent-header-meta":"default","adv-header-id-meta":"","stick-header-meta":"","header-above-stick-meta":"","header-main-stick-meta":"","header-below-stick-meta":"","astra-migrate-meta-layouts":"set","ast-page-background-enabled":"default","ast-page-background-meta":{"desktop":{"background-color":"","background-image":"","background-repeat":"repeat","background-position":"center center","background-size":"auto","background-attachment":"scroll","background-type":"","background-media":"","overlay-type":"","overlay-color":"","overlay-opacity":"","overlay-gradient":""},"tablet":{"background-color":"","background-image":"","background-repeat":"repeat","background-position":"center center","background-size":"auto","background-attachment":"scroll","background-type":"","background-media":"","overlay-type":"","overlay-color":"","overlay-opacity":"","overlay-gradient":""},"mobile":{"background-color":"","background-image":"","background-repeat":"repeat","background-position":"center center","background-size":"auto","background-attachment":"scroll","background-type":"","background-media":"","overlay-type":"","overlay-color":"","overlay-opacity":"","overlay-gradient":""}},"ast-content-background-meta":{"desktop":{"background-color":"var(--ast-global-color-5)","background-image":"","background-repeat":"repeat","background-position":"center center","background-size":"auto","background-attachment":"scroll","background-type":"","background-media":"","overlay-type":"","overlay-color":"","overlay-opacity":"","overlay-gradient":""},"tablet":{"background-color":"var(--ast-global-color-5)","background-image":"","background-repeat":"repeat","background-position":"center center","background-size":"auto","background-attachment":"scroll","background-type":"","background-media":"","overlay-type":"","overlay-color":"","overlay-opacity":"","overlay-gradient":""},"mobile":{"background-color":"var(--ast-global-color-5)","background-image":"","background-repeat":"repeat","background-position":"center center","background-size":"auto","background-attachment":"scroll","background-type":"","background-media":"","overlay-type":"","overlay-color":"","overlay-opacity":"","overlay-gradient":""}}},"product_brand":[],"product_cat":[676],"product_tag":[654,701],"class_list":{"0":"post-5633","1":"product","2":"type-product","3":"status-publish","4":"has-post-thumbnail","6":"product_cat-boligrafos","7":"product_tag-mp","8":"product_tag-easy-grip","9":"desktop-align-left","10":"tablet-align-left","11":"mobile-align-left","13":"first","14":"instock","15":"taxable","16":"shipping-taxable","17":"purchasable","18":"product-type-simple"},"jetpack_sharing_enabled":true,"_links":{"self":[{"href":"https:\/\/cortechinoemb.es\/en\/wp-json\/wp\/v2\/product\/5633"}],"collection":[{"href":"https:\/\/cortechinoemb.es\/en\/wp-json\/wp\/v2\/product"}],"about":[{"href":"https:\/\/cortechinoemb.es\/en\/wp-json\/wp\/v2\/types\/product"}],"wp:featuredmedia":[{"embeddable":true,"href":"https:\/\/cortechinoemb.es\/en\/wp-json\/wp\/v2\/media\/4257"}],"wp:attachment":[{"href":"https:\/\/cortechinoemb.es\/en\/wp-json\/wp\/v2\/media?parent=5633"}],"wp:term":[{"taxonomy":"product_brand","embeddable":true,"href":"https:\/\/cortechinoemb.es\/en\/wp-json\/wp\/v2\/product_brand?post=5633"},{"taxonomy":"product_cat","embeddable":true,"href":"https:\/\/cortechinoemb.es\/en\/wp-json\/wp\/v2\/product_cat?post=5633"},{"taxonomy":"product_tag","embeddable":true,"href":"https:\/\/cortechinoemb.es\/en\/wp-json\/wp\/v2\/product_tag?post=5633"}],"curies":[{"name":"wp","href":"https:\/\/api.w.org\/{rel}","templated":true}]}}