{"id":6114,"date":"2024-09-02T19:51:27","date_gmt":"2024-09-02T17:51:27","guid":{"rendered":"https:\/\/cortechinoemb.es\/?page_id=6114"},"modified":"2024-09-27T12:14:37","modified_gmt":"2024-09-27T10:14:37","slug":"politica-de-devoluciones","status":"publish","type":"page","link":"https:\/\/cortechinoemb.es\/en\/politica-de-devoluciones\/","title":{"rendered":"Pol\u00edtica de devoluciones"},"content":{"rendered":"<div data-elementor-type=\"wp-page\" data-elementor-id=\"6114\" class=\"elementor elementor-6114\" data-elementor-post-type=\"page\">\n\t\t\t\t\t\t<div class=\"elementor-section elementor-top-section elementor-element elementor-element-ff6c719 elementor-section-boxed elementor-section-height-default elementor-section-height-default\" data-id=\"ff6c719\" data-element_type=\"section\" data-e-type=\"section\">\n\t\t\t\t\t\t<div class=\"elementor-container elementor-column-gap-default\">\n\t\t\t\t\t<div class=\"elementor-column elementor-col-100 elementor-top-column elementor-element elementor-element-383208e\" data-id=\"383208e\" data-element_type=\"column\" data-e-type=\"column\">\n\t\t\t<div class=\"elementor-widget-wrap elementor-element-populated\">\n\t\t\t\t\t\t<div class=\"elementor-element elementor-element-5c60eec elementor-widget elementor-widget-heading\" data-id=\"5c60eec\" data-element_type=\"widget\" data-e-type=\"widget\" data-widget_type=\"heading.default\">\n\t\t\t\t<div class=\"elementor-widget-container\">\n\t\t\t\t\t<h3 class=\"elementor-heading-title elementor-size-default\">Pol\u00edtica de devoluciones<\/h3>\t\t\t\t<\/div>\n\t\t\t\t<\/div>\n\t\t\t\t\t<\/div>\n\t\t<\/div>\n\t\t\t\t\t<\/div>\n\t\t<\/div>\n\t\t\t\t<section class=\"elementor-section elementor-top-section elementor-element elementor-element-5d355c5 elementor-section-boxed elementor-section-height-default elementor-section-height-default\" data-id=\"5d355c5\" data-element_type=\"section\" data-e-type=\"section\">\n\t\t\t\t\t\t<div class=\"elementor-container elementor-column-gap-default\">\n\t\t\t\t\t<div class=\"elementor-column elementor-col-50 elementor-top-column elementor-element elementor-element-c9cf49d\" data-id=\"c9cf49d\" data-element_type=\"column\" data-e-type=\"column\">\n\t\t\t<div class=\"elementor-widget-wrap elementor-element-populated\">\n\t\t\t\t\t\t<div class=\"elementor-element elementor-element-ca2245b elementor-widget__width-initial elementor-widget-mobile__width-initial elementor-widget elementor-widget-text-editor\" data-id=\"ca2245b\" data-element_type=\"widget\" data-e-type=\"widget\" data-widget_type=\"text-editor.default\">\n\t\t\t\t<div class=\"elementor-widget-container\">\n\t\t\t\t\t\t\t\t\t<p>En <strong>Corte Chino Embajadores<\/strong>, nos comprometemos a ofrecerte una experiencia de compra satisfactoria. Por ello, hemos establecido una pol\u00edtica de devoluciones que cumple con el marco legal vigente en Espa\u00f1a, protegiendo tus derechos como consumidor.<\/p><h4>Derecho de Desistimiento<\/h4><p>Conforme a la <strong>Ley General para la Defensa de los Consumidores y Usuarios<\/strong>, tienes derecho a desistir de tu compra en un plazo de <strong>14 d\u00edas naturales<\/strong> desde la fecha en que recibas el producto, sin necesidad de justificar tu decisi\u00f3n y sin penalizaci\u00f3n alguna. Este derecho se aplica para todos los productos de la tienda.<\/p><p>Para ejercer este derecho, debes notificarnos tu intenci\u00f3n de desistir a trav\u00e9s de nuestro <strong>formulario de devoluci\u00f3n\u00a0<\/strong>disponible en la web o enviando un correo electr\u00f3nico a\u00a0<span style=\"font-family: var( --e-global-typography-text-font-family ), Sans-serif; font-size: 1rem; text-decoration: underline;\">atencionalcliente@cortechinoemb.es<\/span><span style=\"font-family: var( --e-global-typography-text-font-family ), Sans-serif; font-size: 1rem;\">\u00a0<\/span><span style=\"font-style: inherit; font-family: var( --e-global-typography-text-font-family ), Sans-serif;\">. Una vez recibida tu solicitud, te contactaremos para iniciar el proceso de devoluci\u00f3n.<\/span><\/p><h4>Condiciones de Devoluci\u00f3n<\/h4><ol><li><p><strong>Estado del Producto<\/strong>: El producto debe estar en las mismas condiciones en las que fue entregado, sin usar, con su embalaje original y todos sus accesorios, etiquetas, manuales u otros elementos incluidos en el paquete. No se aceptar\u00e1n devoluciones de productos que hayan sido da\u00f1ados o usados m\u00e1s all\u00e1 de lo necesario para comprobar su naturaleza, caracter\u00edsticas y funcionamiento.<\/p><\/li><li><p><strong>Productos Excluidos<\/strong>: No podr\u00e1n ser devueltos productos confeccionados conforme a las especificaciones del consumidor, claramente personalizados, productos que puedan deteriorarse o caducar r\u00e1pidamente, o aquellos que no sean aptos para ser devueltos por razones de higiene y que hayan sido desprecintados tras la entrega.<\/p><p><span style=\"font-size: medium;\">Es fundamental que revises la mercanc\u00eda en cuanto la recibas. Cualquier anomal\u00eda o desperfecto debe notificarse en un plazo m\u00e1ximo de\u00a0<\/span><strong>24 horas<\/strong><span style=\"font-size: medium;\">\u00a0desde la recepci\u00f3n, para poder gestionar adecuadamente cualquier reclamaci\u00f3n relacionada con el seguro de transporte.<\/span><\/p><\/li><\/ol><h4>Proceso de Devoluci\u00f3n<\/h4><ol><li><p><strong>Solicitud de Devoluci\u00f3n<\/strong>: Para iniciar el proceso, env\u00eda un correo electr\u00f3nico a\u00a0atencionalcliente@cortechinoemb.es\u00a0indicando tu n\u00famero de pedido, los productos que deseas devolver y el motivo de la devoluci\u00f3n. Tambi\u00e9n puedes utilizar nuestro formulario de contacto en la web.<\/p><\/li><li><p><strong>Env\u00edo del Producto o Devoluci\u00f3n en Tienda F\u00edsica<\/strong>: Una vez aprobada la solicitud de devoluci\u00f3n, puedes optar por enviar el producto de vuelta a nuestras instalaciones o acudir directamente a nuestra tienda f\u00edsica para realizar la devoluci\u00f3n. Si decides enviarlo, es importante que el producto se env\u00ede en su embalaje original y debidamente protegido para evitar da\u00f1os durante el transporte. Si prefieres realizar la devoluci\u00f3n en nuestra tienda f\u00edsica, nuestro personal estar\u00e1 encantado de asistirte en el proceso.<\/p><\/li><li><p><strong>Reembolso<\/strong>: Tras recibir y comprobar el estado del producto devuelto, te notificaremos por correo electr\u00f3nico y procederemos a efectuar el reembolso en un plazo m\u00e1ximo de <strong>14 d\u00edas naturales<\/strong>. El reembolso se realizar\u00e1 a trav\u00e9s del mismo m\u00e9todo de pago que utilizaste para la compra. Bajo ning\u00fan concepto se realizar\u00e1n devoluciones en efectivo.\u00a0<\/p><\/li><\/ol><h4><span style=\"font-size: 1.3em; font-weight: bold;\">Gastos de Devoluci\u00f3n<\/span><\/h4><p>En el caso de ejercer el derecho de desistimiento, el consumidor deber\u00e1 asumir los <strong>gastos de devoluci\u00f3n<\/strong>, a menos que la devoluci\u00f3n se deba a un error por parte de <strong>Corte Chino Embajadores<\/strong> o a la recepci\u00f3n de un producto defectuoso.\u00a0<\/p><h4>Excepciones al Derecho de Desistimiento<\/h4><p>Existen ciertas excepciones en las que no se puede ejercer el derecho de desistimiento, tales como:<\/p><ul><li>Productos personalizados o hechos a medida.<\/li><li>Bienes que puedan deteriorarse o caducar con rapidez.<\/li><li>Productos que no sean aptos para ser devueltos por razones de higiene y que hayan sido desprecintados tras la entrega.<\/li><li>Grabaciones sonoras o de v\u00eddeo, o programas inform\u00e1ticos que hayan sido desprecintados.<\/li><li>Publicaciones peri\u00f3dicas o revistas, salvo en contratos de suscripci\u00f3n.<\/li><\/ul><h4>Obligaci\u00f3n de Informaci\u00f3n<\/h4><p><strong>Corte Chino Embajadores<\/strong> est\u00e1 obligado a informarte claramente sobre tu derecho de desistimiento y a proporcionarte un documento de desistimiento que podr\u00e1s utilizar para ejercer este derecho. Este documento debe estar claramente identificado como tal, incluyendo el nombre y direcci\u00f3n de la persona a quien debe enviarse la notificaci\u00f3n de desistimiento.<\/p><h4>Devoluci\u00f3n de Dinero<\/h4><p>Una vez que recibamos y aprobemos la devoluci\u00f3n, reembolsaremos las cantidades pagadas sin demoras indebidas, y en cualquier caso, dentro de un plazo m\u00e1ximo de <strong>14 d\u00edas naturales<\/strong> desde que hayamos sido informados de tu decisi\u00f3n de desistir del contrato. El reembolso se realizar\u00e1 utilizando el mismo m\u00e9todo de pago que empleaste para la transacci\u00f3n inicial.<\/p>\t\t\t\t\t\t\t\t<\/div>\n\t\t\t\t<\/div>\n\t\t\t\t<div class=\"elementor-element elementor-element-129678a elementor-widget-divider--view-line elementor-widget elementor-widget-divider\" data-id=\"129678a\" data-element_type=\"widget\" data-e-type=\"widget\" data-widget_type=\"divider.default\">\n\t\t\t\t<div class=\"elementor-widget-container\">\n\t\t\t\t\t\t\t<div class=\"elementor-divider\">\n\t\t\t<span class=\"elementor-divider-separator\">\n\t\t\t\t\t\t<\/span>\n\t\t<\/div>\n\t\t\t\t\t\t<\/div>\n\t\t\t\t<\/div>\n\t\t\t\t<div class=\"elementor-element elementor-element-de75545 elementor-widget elementor-widget-text-editor\" data-id=\"de75545\" data-element_type=\"widget\" data-e-type=\"widget\" data-widget_type=\"text-editor.default\">\n\t\t\t\t<div class=\"elementor-widget-container\">\n\t\t\t\t\t\t\t\t\t<p><span style=\"font-size: medium;\">Esta pol\u00edtica se ajusta al\u00a0<\/span><strong>Real Decreto Legislativo 1\/2007<\/strong><span style=\"font-size: medium;\">, de 16 de noviembre, por el que se aprueba el texto refundido de la\u00a0<\/span><strong>Ley General para la Defensa de los Consumidores y Usuarios<\/strong><span style=\"font-size: medium;\">\u00a0y otras leyes complementarias.<\/span><\/p>\t\t\t\t\t\t\t\t<\/div>\n\t\t\t\t<\/div>\n\t\t\t\t\t<\/div>\n\t\t<\/div>\n\t\t\t\t<div class=\"elementor-column elementor-col-50 elementor-top-column elementor-element elementor-element-0ff6db3\" data-id=\"0ff6db3\" data-element_type=\"column\" data-e-type=\"column\" data-settings=\"{&quot;background_background&quot;:&quot;classic&quot;}\">\n\t\t\t<div class=\"elementor-widget-wrap elementor-element-populated\">\n\t\t\t\t\t\t<div class=\"elementor-element elementor-element-976acfa elementor-widget-mobile__width-initial elementor-widget elementor-widget-heading\" data-id=\"976acfa\" data-element_type=\"widget\" data-e-type=\"widget\" data-widget_type=\"heading.default\">\n\t\t\t\t<div class=\"elementor-widget-container\">\n\t\t\t\t\t<h3 class=\"elementor-heading-title elementor-size-default\">\u00bfQuieres devolver alg\u00fan producto?<\/h3>\t\t\t\t<\/div>\n\t\t\t\t<\/div>\n\t\t\t\t<div class=\"elementor-element elementor-element-792cd1f elementor-widget elementor-widget-text-editor\" data-id=\"792cd1f\" data-element_type=\"widget\" data-e-type=\"widget\" data-widget_type=\"text-editor.default\">\n\t\t\t\t<div class=\"elementor-widget-container\">\n\t\t\t\t\t\t\t\t\t<p>Por favor, rellena el siguiente formulario. Una vez que recibamos la informaci\u00f3n, nos pondremos en contacto contigo lo antes posible para iniciar el proceso de devoluci\u00f3n.<\/p>\t\t\t\t\t\t\t\t<\/div>\n\t\t\t\t<\/div>\n\t\t\t\t<div class=\"elementor-element elementor-element-cca864e elementor-button-align-stretch elementor-widget elementor-widget-form\" data-id=\"cca864e\" data-element_type=\"widget\" data-e-type=\"widget\" data-settings=\"{&quot;step_next_label&quot;:&quot;Next&quot;,&quot;step_previous_label&quot;:&quot;Previous&quot;,&quot;button_width&quot;:&quot;33&quot;,&quot;step_type&quot;:&quot;number_text&quot;,&quot;step_icon_shape&quot;:&quot;circle&quot;}\" data-widget_type=\"form.default\">\n\t\t\t\t<div class=\"elementor-widget-container\">\n\t\t\t\t\t\t\t<form class=\"elementor-form\" method=\"post\" name=\"New Form\" aria-label=\"New Form\" action=\"\">\n\t\t\t<input type=\"hidden\" name=\"post_id\" value=\"6114\"\/>\n\t\t\t<input type=\"hidden\" name=\"form_id\" value=\"cca864e\"\/>\n\t\t\t<input type=\"hidden\" name=\"referer_title\" value=\"\" \/>\n\n\t\t\t\n\t\t\t<div class=\"elementor-form-fields-wrapper elementor-labels-\">\n\t\t\t\t\t\t\t\t<div class=\"elementor-field-type-text elementor-field-group elementor-column elementor-field-group-name elementor-col-100\">\n\t\t\t\t\t\t\t\t\t\t\t\t<label for=\"form-field-name\" class=\"elementor-field-label elementor-screen-only\">\n\t\t\t\t\t\t\t\tNombre\t\t\t\t\t\t\t<\/label>\n\t\t\t\t\t\t\t\t\t\t\t\t\t\t<input size=\"1\" type=\"text\" name=\"form_fields[name]\" id=\"form-field-name\" class=\"elementor-field elementor-size-sm  elementor-field-textual\" placeholder=\"Full name\">\n\t\t\t\t\t\t\t\t\t\t\t<\/div>\n\t\t\t\t\t\t\t\t<div class=\"elementor-field-type-text elementor-field-group elementor-column elementor-field-group-field_f8975bc elementor-col-100 elementor-field-required\">\n\t\t\t\t\t\t\t\t\t\t\t\t<label for=\"form-field-field_f8975bc\" class=\"elementor-field-label elementor-screen-only\">\n\t\t\t\t\t\t\t\tN\u00famero de pedido\t\t\t\t\t\t\t<\/label>\n\t\t\t\t\t\t\t\t\t\t\t\t\t\t<input size=\"1\" type=\"text\" name=\"form_fields[field_f8975bc]\" id=\"form-field-field_f8975bc\" class=\"elementor-field elementor-size-sm  elementor-field-textual\" placeholder=\"N\u00famero de pedido\" required=\"required\">\n\t\t\t\t\t\t\t\t\t\t\t<\/div>\n\t\t\t\t\t\t\t\t<div class=\"elementor-field-type-email elementor-field-group elementor-column elementor-field-group-email elementor-col-100 elementor-field-required\">\n\t\t\t\t\t\t\t\t\t\t\t\t<label for=\"form-field-email\" class=\"elementor-field-label elementor-screen-only\">\n\t\t\t\t\t\t\t\tCorreo electr\u00f3nico\t\t\t\t\t\t\t<\/label>\n\t\t\t\t\t\t\t\t\t\t\t\t\t\t<input size=\"1\" type=\"email\" name=\"form_fields[email]\" id=\"form-field-email\" class=\"elementor-field elementor-size-sm  elementor-field-textual\" placeholder=\"Correo electr\u00f3nico\" required=\"required\">\n\t\t\t\t\t\t\t\t\t\t\t<\/div>\n\t\t\t\t\t\t\t\t<div class=\"elementor-field-type-textarea elementor-field-group elementor-column elementor-field-group-message elementor-col-100\">\n\t\t\t\t\t\t\t\t\t\t\t\t<label for=\"form-field-message\" class=\"elementor-field-label elementor-screen-only\">\n\t\t\t\t\t\t\t\tMessage\t\t\t\t\t\t\t<\/label>\n\t\t\t\t\t\t<textarea class=\"elementor-field-textual elementor-field  elementor-size-sm\" name=\"form_fields[message]\" id=\"form-field-message\" rows=\"4\" placeholder=\"Message\"><\/textarea>\t\t\t\t<\/div>\n\t\t\t\t\t\t\t\t<div class=\"elementor-field-group elementor-column elementor-field-type-submit elementor-col-33 e-form__buttons\">\n\t\t\t\t\t<button class=\"elementor-button elementor-size-sm\" type=\"submit\">\n\t\t\t\t\t\t<span class=\"elementor-button-content-wrapper\">\n\t\t\t\t\t\t\t\t\t\t\t\t\t\t\t\t\t\t\t\t\t\t<span class=\"elementor-button-text\">Send<\/span>\n\t\t\t\t\t\t\t\t\t\t\t\t\t<\/span>\n\t\t\t\t\t<\/button>\n\t\t\t\t<\/div>\n\t\t\t<\/div>\n\t\t<input type=\"hidden\" name=\"trp-form-language\" value=\"en\"\/><\/form>\n\t\t\t\t\t\t<\/div>\n\t\t\t\t<\/div>\n\t\t\t\t<div class=\"elementor-element elementor-element-241420a elementor-widget-divider--view-line_text elementor-widget-divider--element-align-left elementor-widget elementor-widget-divider\" data-id=\"241420a\" data-element_type=\"widget\" data-e-type=\"widget\" data-widget_type=\"divider.default\">\n\t\t\t\t<div class=\"elementor-widget-container\">\n\t\t\t\t\t\t\t<div class=\"elementor-divider\">\n\t\t\t<span class=\"elementor-divider-separator\">\n\t\t\t\t\t\t\t<p class=\"elementor-divider__text elementor-divider__element\">\n\t\t\t\tDo you need help?\t\t\t\t<\/p>\n\t\t\t\t\t\t<\/span>\n\t\t<\/div>\n\t\t\t\t\t\t<\/div>\n\t\t\t\t<\/div>\n\t\t\t\t<div class=\"elementor-element elementor-element-3bdc82a elementor-widget-mobile__width-initial elementor-view-default elementor-position-block-start elementor-mobile-position-block-start elementor-widget elementor-widget-icon-box\" data-id=\"3bdc82a\" data-element_type=\"widget\" data-e-type=\"widget\" data-widget_type=\"icon-box.default\">\n\t\t\t\t<div class=\"elementor-widget-container\">\n\t\t\t\t\t\t\t<div class=\"elementor-icon-box-wrapper\">\n\n\t\t\t\t\t\t<div class=\"elementor-icon-box-icon\">\n\t\t\t\t<span  class=\"elementor-icon\">\n\t\t\t\t<i aria-hidden=\"true\" class=\"fab fa-whatsapp\"><\/i>\t\t\t\t<\/span>\n\t\t\t<\/div>\n\t\t\t\n\t\t\t\t\t\t<div class=\"elementor-icon-box-content\">\n\n\t\t\t\t\t\t\t\t\t<p class=\"elementor-icon-box-title\">\n\t\t\t\t\t\t<span  >\n\t\t\t\t\t\t\t640 017 118\t\t\t\t\t\t<\/span>\n\t\t\t\t\t<\/p>\n\t\t\t\t\n\t\t\t\t\t\t\t\t\t<p class=\"elementor-icon-box-description\">\n\t\t\t\t\t\tHorario de atenci\u00f3n de lunes a domingo 10:00 a 21:30\t\t\t\t\t<\/p>\n\t\t\t\t\n\t\t\t<\/div>\n\t\t\t\n\t\t<\/div>\n\t\t\t\t\t\t<\/div>\n\t\t\t\t<\/div>\n\t\t\t\t<div class=\"elementor-element elementor-element-69a6081 elementor-view-default elementor-position-block-start elementor-mobile-position-block-start elementor-widget elementor-widget-icon-box\" data-id=\"69a6081\" data-element_type=\"widget\" data-e-type=\"widget\" data-widget_type=\"icon-box.default\">\n\t\t\t\t<div class=\"elementor-widget-container\">\n\t\t\t\t\t\t\t<div class=\"elementor-icon-box-wrapper\">\n\n\t\t\t\t\t\t<div class=\"elementor-icon-box-icon\">\n\t\t\t\t<span  class=\"elementor-icon\">\n\t\t\t\t<i aria-hidden=\"true\" class=\"fas fa-phone-alt\"><\/i>\t\t\t\t<\/span>\n\t\t\t<\/div>\n\t\t\t\n\t\t\t\t\t\t<div class=\"elementor-icon-box-content\">\n\n\t\t\t\t\t\t\t\t\t<p class=\"elementor-icon-box-title\">\n\t\t\t\t\t\t<span  >\n\t\t\t\t\t\t\t654 728 546\t\t\t\t\t\t<\/span>\n\t\t\t\t\t<\/p>\n\t\t\t\t\n\t\t\t\t\t\t\t\t\t<p class=\"elementor-icon-box-description\">\n\t\t\t\t\t\tHorario de atenci\u00f3n de lunes a viernes<br>10:00 a 21:30\t\t\t\t\t<\/p>\n\t\t\t\t\n\t\t\t<\/div>\n\t\t\t\n\t\t<\/div>\n\t\t\t\t\t\t<\/div>\n\t\t\t\t<\/div>\n\t\t\t\t<div class=\"elementor-element elementor-element-4bea604 elementor-view-default elementor-position-block-start elementor-mobile-position-block-start elementor-widget elementor-widget-icon-box\" data-id=\"4bea604\" data-element_type=\"widget\" data-e-type=\"widget\" data-widget_type=\"icon-box.default\">\n\t\t\t\t<div class=\"elementor-widget-container\">\n\t\t\t\t\t\t\t<div class=\"elementor-icon-box-wrapper\">\n\n\t\t\t\t\t\t<div class=\"elementor-icon-box-icon\">\n\t\t\t\t<span  class=\"elementor-icon\">\n\t\t\t\t<i aria-hidden=\"true\" class=\"far fa-envelope\"><\/i>\t\t\t\t<\/span>\n\t\t\t<\/div>\n\t\t\t\n\t\t\t\t\t\t<div class=\"elementor-icon-box-content\">\n\n\t\t\t\t\t\t\t\t\t<p class=\"elementor-icon-box-title\">\n\t\t\t\t\t\t<span  >\n\t\t\t\t\t\t\tEmail\t\t\t\t\t\t<\/span>\n\t\t\t\t\t<\/p>\n\t\t\t\t\n\t\t\t\t\t\t\t\t\t<p class=\"elementor-icon-box-description\">\n\t\t\t\t\t\tatencionalcliente@cortechinoemb.es\t\t\t\t\t<\/p>\n\t\t\t\t\n\t\t\t<\/div>\n\t\t\t\n\t\t<\/div>\n\t\t\t\t\t\t<\/div>\n\t\t\t\t<\/div>\n\t\t\t\t\t<\/div>\n\t\t<\/div>\n\t\t\t\t\t<\/div>\n\t\t<\/section>\n\t\t\t\t<\/div>","protected":false},"excerpt":{"rendered":"<p>Pol\u00edtica de devoluciones En Corte Chino Embajadores, nos comprometemos a ofrecerte una experiencia de compra satisfactoria. Por ello, hemos establecido una pol\u00edtica de devoluciones que cumple con el marco legal vigente en Espa\u00f1a, protegiendo tus derechos como consumidor. Derecho de Desistimiento Conforme a la Ley General para la Defensa de los Consumidores y Usuarios, tienes [&hellip;]<\/p>","protected":false},"author":1,"featured_media":0,"parent":0,"menu_order":0,"comment_status":"closed","ping_status":"closed","template":"","meta":{"site-sidebar-layout":"no-sidebar","site-content-layout":"page-builder","ast-site-content-layout":"full-width-container","site-content-style":"default","site-sidebar-style":"default","ast-global-header-display":"","ast-banner-title-visibility":"","ast-main-header-display":"","ast-hfb-above-header-display":"","ast-hfb-below-header-display":"","ast-hfb-mobile-header-display":"","site-post-title":"disabled","ast-breadcrumbs-content":"","ast-featured-img":"disabled","footer-sml-layout":"","theme-transparent-header-meta":"","adv-header-id-meta":"","stick-header-meta":"","header-above-stick-meta":"","header-main-stick-meta":"","header-below-stick-meta":"","astra-migrate-meta-layouts":"set","ast-page-background-enabled":"default","ast-page-background-meta":{"desktop":{"background-color":"","background-image":"","background-repeat":"repeat","background-position":"center center","background-size":"auto","background-attachment":"scroll","background-type":"","background-media":"","overlay-type":"","overlay-color":"","overlay-opacity":"","overlay-gradient":""},"tablet":{"background-color":"","background-image":"","background-repeat":"repeat","background-position":"center center","background-size":"auto","background-attachment":"scroll","background-type":"","background-media":"","overlay-type":"","overlay-color":"","overlay-opacity":"","overlay-gradient":""},"mobile":{"background-color":"","background-image":"","background-repeat":"repeat","background-position":"center center","background-size":"auto","background-attachment":"scroll","background-type":"","background-media":"","overlay-type":"","overlay-color":"","overlay-opacity":"","overlay-gradient":""}},"ast-content-background-meta":{"desktop":{"background-color":"var(--ast-global-color-5)","background-image":"","background-repeat":"repeat","background-position":"center center","background-size":"auto","background-attachment":"scroll","background-type":"","background-media":"","overlay-type":"","overlay-color":"","overlay-opacity":"","overlay-gradient":""},"tablet":{"background-color":"var(--ast-global-color-5)","background-image":"","background-repeat":"repeat","background-position":"center center","background-size":"auto","background-attachment":"scroll","background-type":"","background-media":"","overlay-type":"","overlay-color":"","overlay-opacity":"","overlay-gradient":""},"mobile":{"background-color":"var(--ast-global-color-5)","background-image":"","background-repeat":"repeat","background-position":"center center","background-size":"auto","background-attachment":"scroll","background-type":"","background-media":"","overlay-type":"","overlay-color":"","overlay-opacity":"","overlay-gradient":""}},"footnotes":""},"class_list":["post-6114","page","type-page","status-publish","hentry"],"jetpack_sharing_enabled":true,"_links":{"self":[{"href":"https:\/\/cortechinoemb.es\/en\/wp-json\/wp\/v2\/pages\/6114"}],"collection":[{"href":"https:\/\/cortechinoemb.es\/en\/wp-json\/wp\/v2\/pages"}],"about":[{"href":"https:\/\/cortechinoemb.es\/en\/wp-json\/wp\/v2\/types\/page"}],"author":[{"embeddable":true,"href":"https:\/\/cortechinoemb.es\/en\/wp-json\/wp\/v2\/users\/1"}],"replies":[{"embeddable":true,"href":"https:\/\/cortechinoemb.es\/en\/wp-json\/wp\/v2\/comments?post=6114"}],"version-history":[{"count":40,"href":"https:\/\/cortechinoemb.es\/en\/wp-json\/wp\/v2\/pages\/6114\/revisions"}],"predecessor-version":[{"id":6717,"href":"https:\/\/cortechinoemb.es\/en\/wp-json\/wp\/v2\/pages\/6114\/revisions\/6717"}],"wp:attachment":[{"href":"https:\/\/cortechinoemb.es\/en\/wp-json\/wp\/v2\/media?parent=6114"}],"curies":[{"name":"wp","href":"https:\/\/api.w.org\/{rel}","templated":true}]}}